{"id":87,"date":"2015-04-25T22:32:06","date_gmt":"2015-04-25T20:32:06","guid":{"rendered":"http:\/\/www.contraproducions.com\/?page_id=87"},"modified":"2024-03-05T18:27:50","modified_gmt":"2024-03-05T17:27:50","slug":"politica-de-cookies","status":"publish","type":"page","link":"https:\/\/www.contraproducions.com\/gal\/politica-de-cookies\/","title":{"rendered":"Pol\u00edtica de Cookies"},"content":{"rendered":"<p>A\u00a0web www.contraproducions.com utiliza cookies para facilitar a relaci\u00f3n dos visitantes co noso\u00a0contido e para permitir elaborar estad\u00edsticas sobre as visitas que recibimos. En cumprimento da Directiva 2009\/136\/CE, desenvolvida\u00a0no noso ordeamento polo apartado segundo do artigo\u00a022 da Lei de Servizos de Sociedade da Informaci\u00f3n, seguindo\u00a0as directrices da Axencia Espa\u00f1ola de Protecci\u00f3n de Datos, procedemos a informarlle detalladamente do uso que se realiza na nosa\u00a0web.<\/p>\n<h2>\u00bfQu\u00e9 son as cookies?<\/h2>\n<p>Denom\u00ednanse cookies a uns pequenos arquivos que se gravan no\u00a0navegador utilizado por cada visitante da nosa web para que o\u00a0servidor poida\u00a0recordala visita de ese usuario con posterioridade cando volva a acceder aos nosos contidos. Esta informaci\u00f3n non revela a s\u00faa identidade, nin dato persoal alg\u00fan, nin accede ao contido almacenado no\u00a0seu pc, pero si que permite ao noso\u00a0sistema identificarlle a vostede\u00a0como un usuario (an\u00f3nimo) determinado que xa visitou a web con anterioridade, visualizou determinadas p\u00e1xinas, etc. e adem\u00e1is permite gardar as s\u00faas preferencias persoais\u00a0e informaci\u00f3n t\u00e9cnica como por exemplo as visitas realizadas ou p\u00e1xinas concretas que visite.<\/p>\n<h2>Xestionar Cookies<\/h2>\n<p>Ao acceder \u00e1 web, m\u00f3straselle ao usuario unha capa informativa onde se lle indica que poder\u00e1 aceptar as cookies, configurar o tratamento ou recxeitalas.<\/p>\n<p>Mediante un peque\u00f1o panel de configuraci\u00f3n, o usuario proder\u00e1 aceptar ou rexeitar a instalaci\u00f3n das cookies, excepto aquelas estrictamente necesarias (cookies t\u00e9cnicas), sen as cales a web non pode funcionar de forma correcta.<\/p>\n<p><a class=\"open-dcs-cookies\" href=\"#\">Configurar cookies<\/a><\/p>\n<p>Se\u00a0vostede non desexa que se garden cookies no seu\u00a0navegador ou prefire recibir unha informaci\u00f3n cada vez que unha cookie solicite instalarse, pode configurar as s\u00faas opci\u00f3ns de navegaci\u00f3n para que se faga de esa forma. A maior parte dos navegadores permiten a xesti\u00f3n das cookies de 3 formas diferentes:<\/p>\n<ul>\n<li>As\u00a0cookies son sempre rexeitadas;<\/li>\n<li>O\u00a0navegador pregunta se o usuario desexa instalar cada cookie;<\/li>\n<li>As\u00a0cookies son sempre aceptadas;<\/li>\n<\/ul>\n<p>O seu\u00a0navegador tam\u00e9n pode\u00a0incluir a posibilidade de seleccionar con detalle as cookies que desexa que se instalen no seu\u00a0ordenador. En concreto, o\u00a0usuario pode normalmente aceptar algunha das seguintes opci\u00f3ns:<\/p>\n<ul>\n<li>rexeitar\u00a0as cookies de determinados dominios;<\/li>\n<li>rexeitar\u00a0as cookies de terceiros;<\/li>\n<li>aceptar cookies como non persistentes (elim\u00ednanse\u00a0cando o\u00a0navegador se pecha);<\/li>\n<li>permitir ao\u00a0servidor crear cookies para un dominio diferente.<\/li>\n<\/ul>\n<p>Pode atopar\u00a0informaci\u00f3n sobre c\u00f3mo configurar os navegadores m\u00e1is usados nos seguintes enlaces:<\/p>\n<ul>\n<li><a href=\"http:\/\/support.google.com\/chrome\/bin\/answer.py?hl=es&amp;answer=95647\" target=\"_blank\" rel=\"noopener\">Google Chrome<\/a><\/li>\n<li><a href=\"http:\/\/windows.microsoft.com\/es-es\/windows7\/how-to-manage-cookies-in-internet-explorer-9\" target=\"_blank\" rel=\"noopener\">Internet Explorer<\/a><\/li>\n<li><a href=\"http:\/\/support.mozilla.org\/es\/kb\/habilitar-y-deshabilitar-cookies-que-los-sitios-we\" target=\"_blank\" rel=\"noopener\">Mozilla Firefox<\/a>\u00a0&#8211;\u00a0<a href=\"http:\/\/support.mozilla.org\/es\/kb\/Borrar%20cookies\" target=\"_blank\" rel=\"noopener\">(Borrar Cookies en Mozilla Firefox)<\/a><\/li>\n<li><a href=\"http:\/\/support.apple.com\/kb\/ph5042\" target=\"_blank\" rel=\"noopener\">Safari<\/a>\u00a0&#8211;\u00a0<a href=\"http:\/\/es.wikihow.com\/borrar-cookies-en-Safari\" target=\"_blank\" rel=\"noopener\">(Borrar Cookies en Safari)<\/a><\/li>\n<\/ul>\n<p>Respecto das cookies de terceiros, \u00e9 dicir aquelas que son alleas\u00a0\u00f3 noso sitio web, non podemos facernos\u00a0responsables do contido e veracidade das pol\u00edticas de privacidade que eles\u00a0incl\u00faen polo que a informaci\u00f3n que lle ofrecemos \u00e9 sempre con referencia \u00e1 fonte. En caso de d\u00fabidas\u00a0dir\u00edxase ao\u00a0webmaster do\u00a0dominio creador da cookie.<\/p>\n<p>Se desexa consultar as\u00a0condici\u00f3ns compretas de uso do sitio www.contraproducions.com pode\u00a0facelo\u00a0<a title=\"Aviso Legal y Pol\u00edtica de privacidad\" href=\"http:\/\/www.contraproducions.com\/aviso-legal\/\" target=\"_blank\" rel=\"noopener\">neste enlace<\/a>.<\/p>\n<p>A continuaci\u00f3n inform\u00e1moslle detalladamente das cookies que poden instalarse desde o noso\u00a0sitio www.contraproducions.com . En funci\u00f3n da s\u00faa navegaci\u00f3n poder\u00e1n instalarse todas ou s\u00f3 algunhas delas.<\/p>\n<div class=\"table-responsive\">\n<table class=\"table table-striped\">\n<tbody>\n<tr>\n<th>Nome da cookie<\/th>\n<th>Dominio<\/th>\n<th>Duraci\u00f3n<\/th>\n<th>Tipo<\/th>\n<th>Categor\u00eda<\/th>\n<th>Descrici\u00f3n<\/th>\n<\/tr>\n<tr>\n<td>PHPSESSID<\/td>\n<td>contraproducions.com<\/td>\n<td>Sesi\u00f3n<\/td>\n<td>Propia<\/td>\n<td>T\u00e9cnica<\/td>\n<td>Esta cookie \u00e9 usada polo lenguaxe de encriptado PHP para permitir que as variables de SESI\u00d3N sexan gardadas no servidor web. Esta cookie \u00e9 esencial para o funcionamento da web.<\/td>\n<\/tr>\n<tr>\n<td>dcs-cookies-closed<\/td>\n<td>contraproducions.com<\/td>\n<td>1 mes<\/td>\n<td>Propia<\/td>\n<td>T\u00e9cnica<\/td>\n<td>Determina se o usuario pechou ou non a capa onde se informa do uso de cookies.<\/td>\n<\/tr>\n<tr>\n<td>dcs-cookies-groups<\/td>\n<td>contraproducions.com<\/td>\n<td>1 mes<\/td>\n<td>Propia<\/td>\n<td>T\u00e9cnica<\/td>\n<td>Determina os grupos de cookies que o usuario aceptou que sexan instaladas ao navegar pola web.<\/td>\n<\/tr>\n<tr>\n<td>_icl_current_language<\/td>\n<td>contraproducions.com<\/td>\n<td>1 d\u00eda<\/td>\n<td>Propia<\/td>\n<td>T\u00e9cnica<\/td>\n<td>Almacena a opci\u00f3n de idioma seleccionado para visualizar a web.<\/td>\n<\/tr>\n<tr>\n<td>_gat_*<\/td>\n<td>contraproducions.com<\/td>\n<td>Uns segundos<\/td>\n<td>Terceiros<\/td>\n<td>Anal\u00edtica<\/td>\n<td>Esta \u00e9 unha cookie de tipo de patr\u00f3n establecida por Google Analytics, onde o elemento do patr\u00f3n no nome cont\u00e9n o n\u00famero de identidade \u00fanico da conta ou sitio web co que se relaciona. Parece ser unha variaci\u00f3n da cookie _gat que se utiliza para limitar a cantidade de datos rexistrados por Google en sitios web de alto volume de tr\u00e1fico.<\/td>\n<\/tr>\n<tr>\n<td>_gid<\/td>\n<td>contraproducions.com<\/td>\n<td>1 d\u00eda<\/td>\n<td>Terceiros<\/td>\n<td>Anal\u00edtica<\/td>\n<td>Cookie establecida por Google Universal Analytics. Almacena e actualiza un valor \u00fanico para cada p\u00e1xina visitada.<\/td>\n<\/tr>\n<tr>\n<td>_ga, _ga_ID<\/td>\n<td>contraproducions.com<\/td>\n<td>2 anos<\/td>\n<td>Terceiros<\/td>\n<td>Anal\u00edtica<\/td>\n<td>Cookie establecida por Google Analytics. Esta cookie util\u00edzase para distinguir usuarios \u00fanicos mediante a asignaci\u00f3n dun n\u00famero xerado aleatoriamente como un identificador de cliente. Incl\u00faese en cada solicitude de p\u00e1xina nun sitio e util\u00edzase para calcular os datos de visitantes, sesi\u00f3ns e campa\u00f1as para os informes anal\u00edticos dos sitios.<\/td>\n<\/tr>\n<tr>\n<td>__Secure-3PSIDCC<\/td>\n<td>google.com<\/td>\n<td>1 ano<\/td>\n<td>Terceiros<\/td>\n<td>Publicitaria<\/td>\n<td>Esta cookie util\u00edzase para entregar anuncios m\u00e1is relevantes para ti e os teus intereses.<\/td>\n<\/tr>\n<tr>\n<td>__Secure-3PSID<\/td>\n<td>google.com<\/td>\n<td>2 anos<\/td>\n<td>Terceiros<\/td>\n<td>Publicitaria<\/td>\n<td>Esta cookie util\u00edzase para entregar anuncios m\u00e1is relevantes para ti e os teus intereses.<\/td>\n<\/tr>\n<tr>\n<td>SID<\/td>\n<td>google.com<\/td>\n<td>2 anos<\/td>\n<td>Terceiros<\/td>\n<td>Publicitaria<\/td>\n<td>Esta cookie \u00e9 establecida por Google e ten unha finalidade publicitaria. Cont\u00e9n un valor xerado aleatoriamente \u00fanico que permite \u00e1 Plataforma distinguir navegadores e dispositivos. Esta informaci\u00f3n util\u00edzase para medir o rendemento dos anuncios e proporcionar recomendaci\u00f3ns relativas a produtos baseadas en datos estat\u00edsticos.<\/td>\n<\/tr>\n<tr>\n<td>SIDCC<\/td>\n<td>google.com<\/td>\n<td>1 ano<\/td>\n<td>Terceiros<\/td>\n<td>Publicitaria<\/td>\n<td>Util\u00edzase por Google para proporcionar servizos e extraer informaci\u00f3n an\u00f3nima sobre a navegaci\u00f3n.<\/td>\n<\/tr>\n<tr>\n<td>__Secure-3PAPISID<\/td>\n<td>google.com<\/td>\n<td>2 anos<\/td>\n<td>Terceiros<\/td>\n<td>Publicitaria<\/td>\n<td>Esta cookie util\u00edzase para entregar anuncios m\u00e1is relevantes para ti e os teus intereses.<\/td>\n<\/tr>\n<tr>\n<td>SSID<\/td>\n<td>google.com<\/td>\n<td>2 anos<\/td>\n<td>Terceiros<\/td>\n<td>Publicitaria<\/td>\n<td>Esta cookie \u00e9 establecida por Google e ten unha finalidade publicitaria. Cont\u00e9n un valor xerado aleatoriamente \u00fanico que permite \u00e1 Plataforma distinguir navegadores e dispositivos. Esta informaci\u00f3n util\u00edzase para medir o rendemento dos anuncios e proporcionar recomendaci\u00f3ns relativas a produtos baseadas en datos estat\u00edsticos.<\/td>\n<\/tr>\n<tr>\n<td>SAPISID<\/td>\n<td>google.com<\/td>\n<td>2 anos<\/td>\n<td>Terceiros<\/td>\n<td>Publicitaria<\/td>\n<td>Esta cookie \u00e9 establecida por Google e ten unha finalidade publicitaria. Cont\u00e9n un valor xerado aleatoriamente \u00fanico que permite \u00e1 Plataforma distinguir navegadores e dispositivos. Esta informaci\u00f3n util\u00edzase para medir o rendemento dos anuncios e proporcionar recomendaci\u00f3ns relativas a produtos baseadas en datos estat\u00edsticos.<\/td>\n<\/tr>\n<tr>\n<td>APISID<\/td>\n<td>google.com<\/td>\n<td>2 anos<\/td>\n<td>Terceiros<\/td>\n<td>Publicitaria<\/td>\n<td>Esta cookie \u00e9 establecida por Google e ten unha finalidade publicitaria. Cont\u00e9n un valor xerado aleatoriamente \u00fanico que permite \u00e1 Plataforma distinguir navegadores e dispositivos. Esta informaci\u00f3n util\u00edzase para medir o rendemento dos anuncios e proporcionar recomendaci\u00f3ns relativas a produtos baseadas en datos estat\u00edsticos.<\/td>\n<\/tr>\n<tr>\n<td>HSID<\/td>\n<td>google.com<\/td>\n<td>2 anos<\/td>\n<td>Terceiros<\/td>\n<td>Publicitaria<\/td>\n<td>Esta cookie \u00e9 establecida por Google e ten unha finalidade publicitaria. Cont\u00e9n un valor xerado aleatoriamente \u00fanico que permite \u00e1 Plataforma distinguir navegadores e dispositivos. Esta informaci\u00f3n util\u00edzase para medir o rendemento dos anuncios e proporcionar recomendaci\u00f3ns relativas a produtos baseadas en datos estat\u00edsticos.<\/td>\n<\/tr>\n<tr>\n<td>DV<\/td>\n<td>www.google.com<\/td>\n<td>1 d\u00eda<\/td>\n<td>Terceiros<\/td>\n<td>Anal\u00edtica<\/td>\n<td>Util\u00edzase por Google para proporcionar servizos e extraer informaci\u00f3n an\u00f3nima sobre a navegaci\u00f3n.<\/td>\n<\/tr>\n<tr>\n<td>1P_JAR<\/td>\n<td>google.com<\/td>\n<td>1 mes<\/td>\n<td>Terceiros<\/td>\n<td>Publicitaria<\/td>\n<td>Util\u00edzase para almacenar informaci\u00f3n sobre como utiliza o usuario o sitio web e calquera publicidade que viu antes de visitar este sitio web, ademais de para axudar a personalizar a publicidade nas propiedades de Google recordando as t\u00faas buscas m\u00e1is recentes, as t\u00faas interacci\u00f3ns anteriores cos anuncios ou resultados de busca dun anunciante e as t\u00faas visitas a un sitio web de anunciantes.<\/td>\n<\/tr>\n<tr>\n<td>ANID<\/td>\n<td>google.com<\/td>\n<td>Persistente<\/td>\n<td>Terceiros<\/td>\n<td>Publicitaria<\/td>\n<td>Util\u00edzase con fins de segmentaci\u00f3n para crear un perfil dos intereses do visitante do sitio web co fin de mostrar publicidade relevante e personalizada de Google.<\/td>\n<\/tr>\n<tr>\n<td>OGPC<\/td>\n<td>google.com<\/td>\n<td>1 mes<\/td>\n<td>Terceiros<\/td>\n<td>Publicitaria<\/td>\n<td>Esta cookie \u00e9 establecida por Google e ten unha finalidade publicitaria. Cont\u00e9n un valor xerado aleatoriamente \u00fanico que permite \u00e1 Plataforma distinguir navegadores e dispositivos. Esta informaci\u00f3n util\u00edzase para medir o rendemento dos anuncios e proporcionar recomendaci\u00f3ns relativas a produtos baseadas en datos estat\u00edsticos.<\/td>\n<\/tr>\n<tr>\n<td>CONSENT<\/td>\n<td>google.com<\/td>\n<td>Persistente<\/td>\n<td>Terceiros<\/td>\n<td>Publicitaria<\/td>\n<td>Esta cookie \u00e9 establecida por Google e ten unha finalidade publicitaria. Cont\u00e9n un valor xerado aleatoriamente \u00fanico que permite \u00e1 Plataforma distinguir navegadores e dispositivos. Esta informaci\u00f3n util\u00edzase para medir o rendemento dos anuncios e proporcionar recomendaci\u00f3ns relativas a produtos baseadas en datos estat\u00edsticos.<\/td>\n<\/tr>\n<tr>\n<td>NID<\/td>\n<td>google.com<\/td>\n<td>6 meses<\/td>\n<td>Terceiros<\/td>\n<td>Publicitaria<\/td>\n<td>Esta cookie \u00e9 establecida por Google e ten unha finalidade publicitaria. Cont\u00e9n un valor xerado aleatoriamente \u00fanico que permite \u00e1 Plataforma distinguir navegadores e dispositivos. Esta informaci\u00f3n util\u00edzase para medir o rendemento dos anuncios e proporcionar recomendaci\u00f3ns relativas a produtos baseadas en datos estat\u00edsticos.<\/td>\n<\/tr>\n<tr>\n<td>vuid<\/td>\n<td>vimeo.com<\/td>\n<td>2 anos<\/td>\n<td>Terceiros<\/td>\n<td>Publicitaria<\/td>\n<td>Esta cookie \u00e9 establecida por Vimeo para almacenar informaci\u00f3n sobre como utiliza o usuario o sitio web e calquera publicidade que viu antes de visitar este sitio web, ademais de para axudar a personalizar a publicidade nas propiedades de Google recordando as t\u00faas buscas m\u00e1is recentes, as t\u00faas interacci\u00f3ns anteriores cos anuncios ou resultados de busca dun anunciante e as t\u00faas visitas a un sitio web de anunciantes.<\/td>\n<\/tr>\n<tr>\n<td>__cf_bm<\/td>\n<td>vimeo.com<\/td>\n<td>30 minutos<\/td>\n<td>Terceiros<\/td>\n<td>Publicitaria<\/td>\n<td>Esta cookie \u00e9 establecida por Cloudflare para identificar tr\u00e1fico web de confianza. Non corresponde a ning\u00fan id de usuario na aplicaci\u00f3n web, nin almacena ning\u00fan dato persoal identificable.<\/td>\n<\/tr>\n<tr>\n<td>_fbp<\/td>\n<td>contraproducions.com<\/td>\n<td>3 meses<\/td>\n<td>Terceiros<\/td>\n<td>Publicitaria<\/td>\n<td>Esta cookie \u00e9 establecida por Facebook para entregar publicidade cando est\u00e1n en Facebook ou nunha plataforma dixital impulsada por publicidade de Facebook despois de visitar este sitio web.<\/td>\n<\/tr>\n<\/tbody>\n<\/table>\n<\/div>\n<p>&nbsp;<\/p>\n<p>Ao navegar e continuar na\u00a0nosa web ind\u00edcasnos\u00a0que est\u00e1s consentindo o\u00a0uso das cookies antes enunciadas, e nas condici\u00f3ns contidas\u00a0na presente Pol\u00edtica de Cookies.<\/p>\n","protected":false},"excerpt":{"rendered":"<p>A\u00a0web www.contraproducions.com utiliza cookies para facilitar a relaci\u00f3n dos visitantes co noso\u00a0contido e para permitir elaborar estad\u00edsticas sobre as visitas que recibimos. En cumprimento da Directiva 2009\/136\/CE, desenvolvida\u00a0no noso ordeamento polo apartado segundo do artigo\u00a022 da Lei de Servizos de Sociedade da Informaci\u00f3n, seguindo\u00a0as directrices da Axencia Espa\u00f1ola de Protecci\u00f3n de Datos, procedemos a informarlle [&hellip;]<\/p>\n","protected":false},"author":1,"featured_media":0,"parent":0,"menu_order":0,"comment_status":"open","ping_status":"open","template":"","meta":{"footnotes":""},"class_list":["post-87","page","type-page","status-publish","hentry"],"_links":{"self":[{"href":"https:\/\/www.contraproducions.com\/gal\/wp-json\/wp\/v2\/pages\/87","targetHints":{"allow":["GET"]}}],"collection":[{"href":"https:\/\/www.contraproducions.com\/gal\/wp-json\/wp\/v2\/pages"}],"about":[{"href":"https:\/\/www.contraproducions.com\/gal\/wp-json\/wp\/v2\/types\/page"}],"author":[{"embeddable":true,"href":"https:\/\/www.contraproducions.com\/gal\/wp-json\/wp\/v2\/users\/1"}],"replies":[{"embeddable":true,"href":"https:\/\/www.contraproducions.com\/gal\/wp-json\/wp\/v2\/comments?post=87"}],"version-history":[{"count":9,"href":"https:\/\/www.contraproducions.com\/gal\/wp-json\/wp\/v2\/pages\/87\/revisions"}],"predecessor-version":[{"id":1578,"href":"https:\/\/www.contraproducions.com\/gal\/wp-json\/wp\/v2\/pages\/87\/revisions\/1578"}],"wp:attachment":[{"href":"https:\/\/www.contraproducions.com\/gal\/wp-json\/wp\/v2\/media?parent=87"}],"curies":[{"name":"wp","href":"https:\/\/api.w.org\/{rel}","templated":true}]}}