{"id":86,"date":"2015-04-25T22:31:32","date_gmt":"2015-04-25T20:31:32","guid":{"rendered":"http:\/\/www.contraproducions.com\/?page_id=86"},"modified":"2016-09-01T18:28:30","modified_gmt":"2016-09-01T16:28:30","slug":"aviso-legal","status":"publish","type":"page","link":"https:\/\/www.contraproducions.com\/gal\/aviso-legal\/","title":{"rendered":"Aviso Legal"},"content":{"rendered":"<p>Contraproduci\u00f3ns SL (en adiante\u00a0O PROPIETARIO ) con domicilio en Lugar de Lara\u00f1o, 33 \u2013 San Xi\u00e1n de Sales \u2013 15885 (Vedra \u2013 A Coru\u00f1a) con CIF B70217336 pon a disposici\u00f3n no seu sitio web contraproducions.com\u00a0determinados contidos de car\u00e1cter informativo sobre as s\u00faas actividades.<\/p>\n<p>As presentes condici\u00f3ns xerais rixen \u00fanica e exclusivamente o uso do sitio web de O PROPIETARIO por parte dos USUARIOS que accedan ao mesmo. As presentes condici\u00f3ns xerais exp\u00f3\u00f1enselle ao USUARIO no sitio web contraproducions.com en todas e cada unha das p\u00e1xinas e cada vez que un USUARIO introduce os seus datos nos formularios existentes, para que as lea, as imprima, archive e acepte a trav\u00e9s de internet, non puidendo o USUARIO introducir os seus datos efectivamente sen que se producise esta aceptaci\u00f3n.<\/p>\n<p>Contraproduci\u00f3ns SL est\u00e1 inscrita no\u00a0Rexistro Mercantil de A Coru\u00f1a, 28\/07\/2009, Tomo 57, Secci\u00f3n Xeral, Folio 220, Folla\u00a0SC-44526, Inscripci\u00f3n 1\u00aa.<\/p>\n<p>O acceso ao sitio web de O PROPIETARIO implica sen reservas aa aceptaci\u00f3n das presentes condici\u00f3ns xerais de uso que o USUARIO afirma comprender na s\u00faa totalidade. O USUARIO comprom\u00e9tese a non utilizar o sitio web e os servizos que se ofrecen no mesmo para a realizaci\u00f3n de actividades contrarias \u00e1 lei e a respectar en todo momento as presentes condici\u00f3ns xerais.<\/p>\n<p><strong>1.- CONDICI\u00d3NS DE ACCESO E USO<\/strong><\/p>\n<p>1.1.-As condici\u00f3ns de acceso e uso do presente sitio web r\u00edxense estrictamente pola legalidade \u00a0vixente e polo principio de boa fe compromet\u00e9ndose o USUARIO a realizar un b\u00f3 uso da web. Quedan prohibidos todos os actos que vulneren a legalidade, dereitos ou intereses de terceiros: dereito \u00e1 intimidade, protecci\u00f3n de datos, propiedad intelectual etc. Expresamente O PROPIETARIO proh\u00edbe os seguintes:<\/p>\n<p>1.1.1.- Realizar acci\u00f3ns que poidan producir no sitio web ou a trav\u00e9s do mesmo por calquer medio calquer tipo de dano aos sistemas de\u00a0O PROPIETARIO ou a terceiros.<\/p>\n<p>1.1.2.- Realizar sen a debida autorizaci\u00f3n calquer tipo de publicidade ou informaci\u00f3n comercial directamente ou de forma encuberta, o env\u00edo de correos masivos (&#8220;spaming&#8221;) ou env\u00edo de grandes mensaxes co fin de bloquear servidores da red (&#8220;mail bombing&#8221;).<\/p>\n<p>1.2.- O PROPIETARIO poder\u00e1 interromper en calquer momento o acceso \u00f3 seu sitio web se detecta un uso contrario \u00e1 legalidade, a boa fe ou \u00e1s presentes condici\u00f3ns xerais- ver cl\u00e1usula quinta.<\/p>\n<p><strong>2.- CONTIDOS<\/strong><\/p>\n<p>Os contidos incorporados neste sitio web foron elaborados e incluidos por:<\/p>\n<p>2.1.- O PROPIETARIO utilizando fontes internas e externas de tal modo que O PROPIETARIO \u00fanicamente se fai responsable polos contidos elaborados de forma interna.<\/p>\n<p>2.2.- Terceiros alleos a, O PROPIETARIO ben mediante colaboraci\u00f3ns directas no sitio web ou ben presentes a trav\u00e9s de hiperenlaces ou links a outros sitios web ou a noticias de outros sitios dos que non \u00e9 titular O PROPIETARIO. O PROPIETARIO en ning\u00fan caso ser\u00e1 responsable dos contidos as\u00ed introducidos e non garantiza o correcto funcionamento de todos estos links ou hiperenlaces. O USUARIO que desexe establecer un hiperenlace no seu sitio web ao sitio web de O PROPIETARIO non realizar\u00e1 un uso ilegal ou contrario \u00e1 boa fe das informaci\u00f3ns postas a disposici\u00f3n no referido sitio web.<\/p>\n<p>2.3.- O PROPIETARIO res\u00e9rvase o dereito a modificar en calquer momento os contidos existentes no seu sitio web.<\/p>\n<p><strong>3.- RESPONSABILIDADE<\/strong><\/p>\n<p>3.1.-O PROPIETARIO\u00a0en ning\u00fan caso se far\u00e1 responsable de:<\/p>\n<p>3.1.1.- Os fallos e incidencias que puideran producirse nas comunicaci\u00f3ns, borrado ou transmisi\u00f3ns incompletas de maneira que non se garantiza que os servicios do sitio web est\u00e9n constantemente operativos.<\/p>\n<p>3.1.2.- Da producci\u00f3n de calquer tipo de dao que os USUARIOS ou terceiros puidesen ocasionar no sitio web.<\/p>\n<p>3.1.3.- Da fiabilidade e veracidade das informaci\u00f3ns introducidas por terceiros no sitio web, ben directamente, ben a trav\u00e9s de enlaces ou links.<\/p>\n<p>3.2.-O PROPIETARIO\u00a0res\u00e9rvase o dereito a suspender o acceso sen previo aviso de forma discrecional e con car\u00e1cter definitivo ou temporal. Asimesmo,O PROPIETARIO\u00a0colaborar\u00e1 e notificar\u00e1 \u00e1 autoridade competente estas incidencias no momento en que te\u00f1a co\u00f1ecemento de que los danos ocasionados constit\u00faan calquer tipo de actividade il\u00edcita.<\/p>\n<p><strong>4.- DEREITOS DE AUTOR E MARCA<\/strong><\/p>\n<p>O PROPIETARIO informa que o sitio web contraproducions.com\u00a0os contidos propios, a programaci\u00f3n e o dese\u00f1o do sitio web se encontra plenamente protexido polos dereitos de autor, quedando expresamente prohibida toda reproducci\u00f3n, comunicaci\u00f3n, distribuci\u00f3n e transformaci\u00f3n dos referidos elementos protexidos salvo consentemento expreso de O PROPIETARIO. O PROPIETARIO utiliza fontes externas para a elaboraci\u00f3n dos seus contidos en determinadas ocasi\u00f3ns e tam\u00e9n establece links ou hiperenlaces a artigos ou informaci\u00f3ns de terceiros citando sempre a fonte. O lex\u00edtimo titular dos dereitos de autor de estas informaci\u00f3ns as\u00ed incluidas poder\u00e1 solicitar en calquer momento a eliminaci\u00f3n das referidas referencias.<\/p>\n<p><strong>5.- XURISDICCI\u00d3N E LEI APLICABLE<\/strong><\/p>\n<p>As presentes condici\u00f3ns xerais r\u00edxense pola lexislaci\u00f3n espa\u00f1ola. Son competentes para resolver toda controversia ou conflicto que se derive das presentes condici\u00f3ns xerais os Xuzgados de Santiago de Compostela renunciando expresamente o USUARIO a calquer outro foro que puidera corresponderlle.<\/p>\n<p>En caso de que calquer cl\u00e1usula do presente documento sexa declarada nula, as dem\u00e1is cl\u00e1usulas seguir\u00e1n vixentes e se interpretar\u00e1n tendo en conta a voluntade das partes e a finalidade mesma das presentes condici\u00f3ns. O PROPIETARIO poder\u00e1 non exercitar alg\u00fan dos dereitos e facultades conferidos neste documento o que non implicar\u00e1 en ning\u00fan caso a renuncia aos mesmos salvo reco\u00f1ecemento expreso por parte de O PROPIETARIO.<\/p>\n","protected":false},"excerpt":{"rendered":"<p>Contraproduci\u00f3ns SL (en adiante\u00a0O PROPIETARIO ) con domicilio en Lugar de Lara\u00f1o, 33 \u2013 San Xi\u00e1n de Sales \u2013 15885 (Vedra \u2013 A Coru\u00f1a) con CIF B70217336 pon a disposici\u00f3n no seu sitio web contraproducions.com\u00a0determinados contidos de car\u00e1cter informativo sobre as s\u00faas actividades. As presentes condici\u00f3ns xerais rixen \u00fanica e exclusivamente o uso do sitio [&hellip;]<\/p>\n","protected":false},"author":1,"featured_media":0,"parent":0,"menu_order":0,"comment_status":"open","ping_status":"open","template":"","meta":{"footnotes":""},"class_list":["post-86","page","type-page","status-publish","hentry"],"_links":{"self":[{"href":"https:\/\/www.contraproducions.com\/gal\/wp-json\/wp\/v2\/pages\/86","targetHints":{"allow":["GET"]}}],"collection":[{"href":"https:\/\/www.contraproducions.com\/gal\/wp-json\/wp\/v2\/pages"}],"about":[{"href":"https:\/\/www.contraproducions.com\/gal\/wp-json\/wp\/v2\/types\/page"}],"author":[{"embeddable":true,"href":"https:\/\/www.contraproducions.com\/gal\/wp-json\/wp\/v2\/users\/1"}],"replies":[{"embeddable":true,"href":"https:\/\/www.contraproducions.com\/gal\/wp-json\/wp\/v2\/comments?post=86"}],"version-history":[{"count":6,"href":"https:\/\/www.contraproducions.com\/gal\/wp-json\/wp\/v2\/pages\/86\/revisions"}],"predecessor-version":[{"id":299,"href":"https:\/\/www.contraproducions.com\/gal\/wp-json\/wp\/v2\/pages\/86\/revisions\/299"}],"wp:attachment":[{"href":"https:\/\/www.contraproducions.com\/gal\/wp-json\/wp\/v2\/media?parent=86"}],"curies":[{"name":"wp","href":"https:\/\/api.w.org\/{rel}","templated":true}]}}