{"id":79,"date":"2015-04-25T22:30:02","date_gmt":"2015-04-25T20:30:02","guid":{"rendered":"http:\/\/www.contraproducions.com\/?page_id=79"},"modified":"2017-04-28T17:28:40","modified_gmt":"2017-04-28T15:28:40","slug":"quen-somos","status":"publish","type":"page","link":"https:\/\/www.contraproducions.com\/gal\/quen-somos\/","title":{"rendered":"Quen Somos"},"content":{"rendered":"<h2>Contraproduci\u00f3ns<\/h2>\n<p class=\"p1\"><span class=\"s1\">Contraproduci\u00f3ns \u00e9 unha empresa galega dedicada \u00e1 creaci\u00f3n e distribuci\u00f3n\u00a0de espect\u00e1culos esc\u00e9nicos, conducida por C\u00e1ndido Paz\u00f3, autor e director teatral, e Bel\u00e9n Pichel, xefa de produci\u00f3n.<\/span><\/p>\n<p class=\"p1\"><span class=\"s1\">Cunha vocaci\u00f3n teatral de signo aberto, intenci\u00f3n cr\u00edtica e relaci\u00f3n fresca e\u00a0directa cun p\u00fablico de amplo espectro, \u00e9 a plataforma que acolle a maior parte\u00a0das creaci\u00f3ns esc\u00e9nicas de C\u00e1ndido Paz\u00f3 no campo do teatro e a narraci\u00f3n\u00a0oral, a\u00ednda que dando cabida tam\u00e9n a outras figuras da direcci\u00f3n esc\u00e9nica ou a\u00a0escritura teatral, as\u00ed como a coproduci\u00f3ns ou colaboraci\u00f3ns con outras\u00a0estruturas.<\/span><\/p>\n","protected":false},"excerpt":{"rendered":"<p>Contraproduci\u00f3ns Contraproduci\u00f3ns \u00e9 unha empresa galega dedicada \u00e1 creaci\u00f3n e distribuci\u00f3n\u00a0de espect\u00e1culos esc\u00e9nicos, conducida por C\u00e1ndido Paz\u00f3, autor e director teatral, e Bel\u00e9n Pichel, xefa de produci\u00f3n. Cunha vocaci\u00f3n teatral de signo aberto, intenci\u00f3n cr\u00edtica e relaci\u00f3n fresca e\u00a0directa cun p\u00fablico de amplo espectro, \u00e9 a plataforma que acolle a maior parte\u00a0das creaci\u00f3ns esc\u00e9nicas de [&hellip;]<\/p>\n","protected":false},"author":1,"featured_media":0,"parent":0,"menu_order":0,"comment_status":"open","ping_status":"open","template":"","meta":{"footnotes":""},"class_list":["post-79","page","type-page","status-publish","hentry"],"_links":{"self":[{"href":"https:\/\/www.contraproducions.com\/gal\/wp-json\/wp\/v2\/pages\/79","targetHints":{"allow":["GET"]}}],"collection":[{"href":"https:\/\/www.contraproducions.com\/gal\/wp-json\/wp\/v2\/pages"}],"about":[{"href":"https:\/\/www.contraproducions.com\/gal\/wp-json\/wp\/v2\/types\/page"}],"author":[{"embeddable":true,"href":"https:\/\/www.contraproducions.com\/gal\/wp-json\/wp\/v2\/users\/1"}],"replies":[{"embeddable":true,"href":"https:\/\/www.contraproducions.com\/gal\/wp-json\/wp\/v2\/comments?post=79"}],"version-history":[{"count":7,"href":"https:\/\/www.contraproducions.com\/gal\/wp-json\/wp\/v2\/pages\/79\/revisions"}],"predecessor-version":[{"id":452,"href":"https:\/\/www.contraproducions.com\/gal\/wp-json\/wp\/v2\/pages\/79\/revisions\/452"}],"wp:attachment":[{"href":"https:\/\/www.contraproducions.com\/gal\/wp-json\/wp\/v2\/media?parent=79"}],"curies":[{"name":"wp","href":"https:\/\/api.w.org\/{rel}","templated":true}]}}